{"id":14707,"date":"2025-06-22T23:30:36","date_gmt":"2025-06-22T21:30:36","guid":{"rendered":"https:\/\/jgherder.de\/v2\/?page_id=14707"},"modified":"2025-06-23T14:22:44","modified_gmt":"2025-06-23T12:22:44","slug":"berufsberatung","status":"publish","type":"page","link":"https:\/\/jgherder.de\/v2\/angebote\/netzwerk\/berufsberatung\/","title":{"rendered":"Berufsberatung"},"content":{"rendered":"\t\t<div data-elementor-type=\"wp-page\" data-elementor-id=\"14707\" class=\"elementor elementor-14707\" data-elementor-post-type=\"page\">\n\t\t\t\t\t\t<section class=\"elementor-section elementor-top-section elementor-element elementor-element-39440ea4 elementor-hidden-mobile elementor-section-boxed elementor-section-height-default elementor-section-height-default\" data-id=\"39440ea4\" data-element_type=\"section\">\n\t\t\t\t\t\t<div class=\"elementor-container elementor-column-gap-no\">\n\t\t\t\t\t<div class=\"elementor-column elementor-col-100 elementor-top-column elementor-element elementor-element-5c2ca179\" data-id=\"5c2ca179\" data-element_type=\"column\">\n\t\t\t<div class=\"elementor-widget-wrap elementor-element-populated\">\n\t\t\t\t\t\t<section class=\"elementor-section elementor-inner-section elementor-element elementor-element-6ba07128 elementor-section-height-min-height elementor-section-boxed elementor-section-height-default\" data-id=\"6ba07128\" data-element_type=\"section\" data-settings=\"{&quot;background_background&quot;:&quot;classic&quot;}\">\n\t\t\t\t\t\t\t<div class=\"elementor-background-overlay\"><\/div>\n\t\t\t\t\t\t\t<div class=\"elementor-container elementor-column-gap-no\">\n\t\t\t\t\t<div class=\"elementor-column elementor-col-100 elementor-inner-column elementor-element elementor-element-63407e06\" data-id=\"63407e06\" data-element_type=\"column\">\n\t\t\t<div class=\"elementor-widget-wrap elementor-element-populated\">\n\t\t\t\t\t\t<div class=\"elementor-element elementor-element-3b845376 elementor-widget elementor-widget-hub_fancy_heading\" data-id=\"3b845376\" data-element_type=\"widget\" data-widget_type=\"hub_fancy_heading.default\">\n\t\t\t\t<div class=\"elementor-widget-container\">\n\t\t\t\n\t\t<div id=\"ld-fancy-heading-69dc22ff0921e\" class=\"ld-fancy-heading pos-rel\">\n\t\t\t<h1 class=\"ld-fh-element d-inline-block pos-rel  elementor-heading-title lqd-highlight-classic lqd-highlight-grow-left h1\"  > Johann-Gottfried-Herder-Gymnasium<\/h1>\t\t<\/div>\n\n\t\t\t\t<\/div>\n\t\t\t\t<\/div>\n\t\t\t\t<div class=\"elementor-element elementor-element-cbe6814 elementor-widget__width-initial elementor-widget elementor-widget-hub_fancy_heading\" data-id=\"cbe6814\" data-element_type=\"widget\" data-widget_type=\"hub_fancy_heading.default\">\n\t\t\t\t<div class=\"elementor-widget-container\">\n\t\t\t\n\t\t<div id=\"ld-fancy-heading-69dc22ff0989b\" class=\"ld-fancy-heading pos-rel\">\n\t\t\t<h1 class=\"ld-fh-element d-inline-block pos-rel  elementor-heading-title lqd-highlight-classic lqd-highlight-grow-left h1\"  > <span style=\"font-size:85px;line-height:100px\">Berufsberatung<\/span><\/h1>\t\t<\/div>\n\n\t\t\t\t<\/div>\n\t\t\t\t<\/div>\n\t\t\t\t\t<\/div>\n\t\t<\/div>\n\t\t\t\t\t<\/div>\n\t\t<\/section>\n\t\t\t\t\t<\/div>\n\t\t<\/div>\n\t\t\t\t\t<\/div>\n\t\t<\/section>\n\t\t<div class=\"elementor-element elementor-element-4569e63 e-flex e-con-boxed e-con e-parent\" data-id=\"4569e63\" data-element_type=\"container\" data-settings=\"{&quot;content_width&quot;:&quot;boxed&quot;}\" data-core-v316-plus=\"true\">\n\t\t\t\t\t<div class=\"e-con-inner\">\n\t\t\t\t<div class=\"elementor-element elementor-element-d120a6c elementor-search-form--skin-classic elementor-search-form--button-type-icon elementor-search-form--icon-search elementor-widget elementor-widget-search-form\" data-id=\"d120a6c\" data-element_type=\"widget\" data-settings=\"{&quot;skin&quot;:&quot;classic&quot;}\" data-widget_type=\"search-form.default\">\n\t\t\t\t<div class=\"elementor-widget-container\">\n\t\t\t<link rel=\"stylesheet\" href=\"https:\/\/jgherder.de\/v2\/wp-content\/plugins\/elementor-pro\/assets\/css\/widget-theme-elements.min.css\">\t\t<search role=\"search\">\n\t\t\t<form class=\"elementor-search-form\" action=\"https:\/\/jgherder.de\/v2\" method=\"get\">\n\t\t\t\t\t\t\t\t\t\t\t\t<div class=\"elementor-search-form__container\">\n\t\t\t\t\t<label class=\"elementor-screen-only\" for=\"elementor-search-form-d120a6c\">Suche<\/label>\n\n\t\t\t\t\t\n\t\t\t\t\t<input id=\"elementor-search-form-d120a6c\" placeholder=\"Wonach suchen Sie?\" class=\"elementor-search-form__input\" type=\"search\" name=\"s\" value=\"\">\n\t\t\t\t\t\n\t\t\t\t\t\t\t\t\t\t\t<button class=\"elementor-search-form__submit\" type=\"submit\" aria-label=\"Suche\">\n\t\t\t\t\t\t\t\t\t\t\t\t\t\t\t<div class=\"e-font-icon-svg-container\"><svg class=\"fa fa-search e-font-icon-svg e-fas-search\" viewBox=\"0 0 512 512\" xmlns=\"http:\/\/www.w3.org\/2000\/svg\"><path d=\"M505 442.7L405.3 343c-4.5-4.5-10.6-7-17-7H372c27.6-35.3 44-79.7 44-128C416 93.1 322.9 0 208 0S0 93.1 0 208s93.1 208 208 208c48.3 0 92.7-16.4 128-44v16.3c0 6.4 2.5 12.5 7 17l99.7 99.7c9.4 9.4 24.6 9.4 33.9 0l28.3-28.3c9.4-9.4 9.4-24.6.1-34zM208 336c-70.7 0-128-57.2-128-128 0-70.7 57.2-128 128-128 70.7 0 128 57.2 128 128 0 70.7-57.2 128-128 128z\"><\/path><\/svg><\/div>\t\t\t\t\t\t\t\t<span class=\"elementor-screen-only\">Suche<\/span>\n\t\t\t\t\t\t\t\t\t\t\t\t\t<\/button>\n\t\t\t\t\t\n\t\t\t\t\t\t\t\t\t<\/div>\n\t\t\t<\/form>\n\t\t<\/search>\n\t\t\t\t<\/div>\n\t\t\t\t<\/div>\n\t\t\t\t\t<\/div>\n\t\t\t\t<\/div>\n\t\t\t\t<section class=\"elementor-section elementor-top-section elementor-element elementor-element-471dd48f elementor-hidden-desktop elementor-hidden-tablet elementor-hidden-mobile elementor-section-boxed elementor-section-height-default elementor-section-height-default\" data-id=\"471dd48f\" data-element_type=\"section\">\n\t\t\t\t\t\t<div class=\"elementor-container elementor-column-gap-no\">\n\t\t\t\t\t<div class=\"elementor-column elementor-col-100 elementor-top-column elementor-element elementor-element-1d243794\" data-id=\"1d243794\" data-element_type=\"column\">\n\t\t\t<div class=\"elementor-widget-wrap elementor-element-populated\">\n\t\t\t\t\t\t<div class=\"elementor-element elementor-element-45a8200a elementor-widget elementor-widget-ld_custom_menu\" data-id=\"45a8200a\" data-element_type=\"widget\" data-settings=\"{&quot;sticky&quot;:&quot;yes&quot;,&quot;sticky_on&quot;:[&quot;desktop&quot;,&quot;tablet&quot;,&quot;mobile&quot;],&quot;sticky_offset&quot;:0,&quot;sticky_effects_offset&quot;:0}\" data-widget_type=\"ld_custom_menu.default\">\n\t\t\t\t<div class=\"elementor-widget-container\">\n\t\t\t\n\t\t\t<div\t\t\t\tclass=\"lqd-fancy-menu lqd-custom-menu pos-abs menu-items-has-fill center lqd-menu-td-none lqd-sticky-menu lqd-sticky-menu-floating lqd-custom-menu-expand-items\"\n\t\t\t\t\t\t\t\t\tdata-inview=\"true\"\n\t\t\t\t\tdata-inview-options='{ \"toggleBehavior\": \"toggleInView\" }'\n\t\t\t\t\t\t\t>\n\t\t\t\n\t\t\t\t\t\t\t<ul class=\"reset-ul inline-ul\" id=\"lqd-custom-menu-45a8200a\" >\n\t\t\t\t\n\t\t\t\t\t\t<li>\n\t\t\t\t\t\t\t<a  href=\"#\" target=\"_self\" >\n\n\t\t\t\t\t\t\t\t\t\t\t\t\t\t\t\t\t<span class=\"link-icon d-inline-flex hide-if-empty left-icon icon-next-to-label\"><\/span>\n\t\t\t\t\t\t\t\t\n\t\t\t\t\t\t\t\t\t\t\t\t\t\t\t\t\tHallo&nbsp;<strong><\/strong>\t\t\t\t\t\t\t\t\t\t\t\t\t\t\t\t\t\t\t\t\t\t\t<\/a>\n\t\t\t\t\t\t\t\t\t\t\t\t\t<\/li>\n\n\t\t\t\t\t\t\n\t\t\t\t\t\t<li>\n\t\t\t\t\t\t\t<a  href=\"#start\" target=\"_self\" >\n\n\t\t\t\t\t\t\t\t\t\t\t\t\t\t\t\t\t<span class=\"link-icon d-inline-flex hide-if-empty left-icon icon-next-to-label\"><\/span>\n\t\t\t\t\t\t\t\t\n\t\t\t\t\t\t\t\t\t\t\t\t\t\t\t\t\tWir \u00fcber uns\t\t\t\t\t\t\t\t\t\t\t\t\t\t\t\t\t\t\t\t\t\t\t<\/a>\n\t\t\t\t\t\t\t\t\t\t\t\t\t<\/li>\n\n\t\t\t\t\t\t\n\t\t\t\t\t\t<li>\n\t\t\t\t\t\t\t<a  href=\"#services\" target=\"_self\" >\n\n\t\t\t\t\t\t\t\t\t\t\t\t\t\t\t\t\t<span class=\"link-icon d-inline-flex hide-if-empty left-icon icon-next-to-label\"><\/span>\n\t\t\t\t\t\t\t\t\n\t\t\t\t\t\t\t\t\t\t\t\t\t\t\t\t\tHerder digital\t\t\t\t\t\t\t\t\t\t\t\t\t\t\t\t\t\t\t\t\t\t\t<\/a>\n\t\t\t\t\t\t\t\t\t\t\t\t\t<\/li>\n\n\t\t\t\t\t\t\n\t\t\t\t\t\t<li>\n\t\t\t\t\t\t\t<a  href=\"#herderpost\" target=\"_self\" >\n\n\t\t\t\t\t\t\t\t\t\t\t\t\t\t\t\t\t<span class=\"link-icon d-inline-flex hide-if-empty left-icon icon-next-to-label\"><\/span>\n\t\t\t\t\t\t\t\t\n\t\t\t\t\t\t\t\t\t\t\t\t\t\t\t\t\tHerderpost\t\t\t\t\t\t\t\t\t\t\t\t\t\t\t\t\t\t\t\t\t\t\t<\/a>\n\t\t\t\t\t\t\t\t\t\t\t\t\t<\/li>\n\n\t\t\t\t\t\t\t\t\t\t<\/ul>\n\t\t\t\t\t\t\t\t\t<\/div>\n\t\t\t\t<\/div>\n\t\t\t\t<\/div>\n\t\t\t\t\t<\/div>\n\t\t<\/div>\n\t\t\t\t\t<\/div>\n\t\t<\/section>\n\t\t\t\t<section class=\"elementor-section elementor-top-section elementor-element elementor-element-60e4abf1 elementor-section-content-middle elementor-section-boxed elementor-section-height-default elementor-section-height-default\" data-id=\"60e4abf1\" data-element_type=\"section\">\n\t\t\t\t\t\t<div class=\"elementor-container elementor-column-gap-extended\">\n\t\t\t\t\t<div class=\"elementor-column elementor-col-16 elementor-top-column elementor-element elementor-element-6a5891a5\" data-id=\"6a5891a5\" data-element_type=\"column\">\n\t\t\t<div class=\"elementor-widget-wrap\">\n\t\t\t\t\t\t\t<\/div>\n\t\t<\/div>\n\t\t\t\t<div class=\"elementor-column elementor-col-66 elementor-top-column elementor-element elementor-element-746950b9\" data-id=\"746950b9\" data-element_type=\"column\">\n\t\t\t<div class=\"elementor-widget-wrap elementor-element-populated\">\n\t\t\t\t\t\t<section class=\"elementor-section elementor-inner-section elementor-element elementor-element-11bcd478 elementor-section-boxed elementor-section-height-default elementor-section-height-default\" data-id=\"11bcd478\" data-element_type=\"section\" data-settings=\"{&quot;background_background&quot;:&quot;classic&quot;}\">\n\t\t\t\t\t\t<div class=\"elementor-container elementor-column-gap-default\">\n\t\t\t\t\t<div class=\"elementor-column elementor-col-50 elementor-inner-column elementor-element elementor-element-31f59098\" data-id=\"31f59098\" data-element_type=\"column\">\n\t\t\t<div class=\"elementor-widget-wrap elementor-element-populated\">\n\t\t\t\t\t\t<div class=\"elementor-element elementor-element-56d7261c elementor-widget elementor-widget-hub_fancy_heading\" data-id=\"56d7261c\" data-element_type=\"widget\" data-widget_type=\"hub_fancy_heading.default\">\n\t\t\t\t<div class=\"elementor-widget-container\">\n\t\t\t\n\t\t<div id=\"ld-fancy-heading-69dc22ff0e61b\" class=\"ld-fancy-heading pos-rel\">\n\t\t\t<h6 class=\"ld-fh-element d-inline-block pos-rel  elementor-heading-title lqd-highlight-classic lqd-highlight-grow-left h6\"  > Noch Fragen?<\/h6>\t\t<\/div>\n\n\t\t\t\t<\/div>\n\t\t\t\t<\/div>\n\t\t\t\t<div class=\"elementor-element elementor-element-4c708e14 elementor-widget elementor-widget-hub_fancy_heading\" data-id=\"4c708e14\" data-element_type=\"widget\" data-widget_type=\"hub_fancy_heading.default\">\n\t\t\t\t<div class=\"elementor-widget-container\">\n\t\t\t\n\t\t<div id=\"ld-fancy-heading-69dc22ff0e9c5\" class=\"ld-fancy-heading pos-rel\">\n\t\t\t<h2 class=\"ld-fh-element d-inline-block pos-rel  elementor-heading-title lqd-highlight-classic lqd-highlight-grow-left h2\"  > sekretariat@jgherder.de<\/h2>\t\t<\/div>\n\n\t\t\t\t<\/div>\n\t\t\t\t<\/div>\n\t\t\t\t\t<\/div>\n\t\t<\/div>\n\t\t\t\t<div class=\"elementor-column elementor-col-50 elementor-inner-column elementor-element elementor-element-5ccac3a7\" data-id=\"5ccac3a7\" data-element_type=\"column\">\n\t\t\t<div class=\"elementor-widget-wrap elementor-element-populated\">\n\t\t\t\t\t\t<div class=\"elementor-element elementor-element-53455770 elementor-widget elementor-widget-hub_fancy_heading\" data-id=\"53455770\" data-element_type=\"widget\" data-widget_type=\"hub_fancy_heading.default\">\n\t\t\t\t<div class=\"elementor-widget-container\">\n\t\t\t\n\t\t<div id=\"ld-fancy-heading-69dc22ff0f015\" class=\"ld-fancy-heading pos-rel\">\n\t\t\t<h6 class=\"ld-fh-element d-inline-block pos-rel  elementor-heading-title lqd-highlight-classic lqd-highlight-grow-left h6\"  > Telefon<\/h6>\t\t<\/div>\n\n\t\t\t\t<\/div>\n\t\t\t\t<\/div>\n\t\t\t\t<div class=\"elementor-element elementor-element-4265c09c elementor-widget elementor-widget-hub_fancy_heading\" data-id=\"4265c09c\" data-element_type=\"widget\" data-widget_type=\"hub_fancy_heading.default\">\n\t\t\t\t<div class=\"elementor-widget-container\">\n\t\t\t\n\t\t<div id=\"ld-fancy-heading-69dc22ff0f399\" class=\"ld-fancy-heading pos-rel\">\n\t\t\t<h2 class=\"ld-fh-element d-inline-block pos-rel  elementor-heading-title lqd-highlight-classic lqd-highlight-grow-left h2\"  > <a>030 97609567<\/a><\/h2>\t\t<\/div>\n\n\t\t\t\t<\/div>\n\t\t\t\t<\/div>\n\t\t\t\t\t<\/div>\n\t\t<\/div>\n\t\t\t\t\t<\/div>\n\t\t<\/section>\n\t\t\t\t\t<\/div>\n\t\t<\/div>\n\t\t\t\t<div class=\"elementor-column elementor-col-16 elementor-top-column elementor-element elementor-element-224fd483 elementor-hidden-mobile\" data-id=\"224fd483\" data-element_type=\"column\">\n\t\t\t<div class=\"elementor-widget-wrap\">\n\t\t\t\t\t\t\t<\/div>\n\t\t<\/div>\n\t\t\t\t\t<\/div>\n\t\t<\/section>\n\t\t\t\t<section class=\"elementor-section elementor-top-section elementor-element elementor-element-4ebac8f6 elementor-section-full_width elementor-section-height-default elementor-section-height-default\" data-id=\"4ebac8f6\" data-element_type=\"section\" data-settings=\"{&quot;background_background&quot;:&quot;gradient&quot;}\">\n\t\t\t\t\t\t<div class=\"elementor-container elementor-column-gap-no\">\n\t\t\t\t\t<div class=\"elementor-column elementor-col-100 elementor-top-column elementor-element elementor-element-7234fa77\" data-id=\"7234fa77\" data-element_type=\"column\">\n\t\t\t<div class=\"elementor-widget-wrap elementor-element-populated\">\n\t\t\t\t\t\t<div class=\"elementor-element elementor-element-507b622f elementor-widget elementor-widget-ld_carousel\" data-id=\"507b622f\" data-element_type=\"widget\" data-widget_type=\"ld_carousel.default\">\n\t\t\t\t<div class=\"elementor-widget-container\">\n\t\t\t\n\t\t<div class=\"carousel-container pos-rel carousel-nav-shaped\" id=\"\" >\n\n\t\t\t<div class=\"carousel-items pos-rel \"  data-lqd-flickity='{\"percentPosition\":false,\"columnsAutoWidth\":true,\"equalHeightCells\":true,\"middleAlignContent\":true,\"marquee\":true,\"pauseAutoPlayOnHover\":false}'>\n\n\t\t\t\t\t\t\t\t<div class=\"flickity-viewport pos-rel w-100 overflow-hidden\">\n\t\t\t\t\t<div class=\"flickity-slider d-flex w-100 h-100 pos-rel\" style=\"left: 0; transform: translateX(0%);\">\n\t\t\t\t\t\t\t\t\t\t\t\t\t<div class=\"carousel-item d-flex flex-column justify-content-center align-items-center elementor-repeater-item-3f38113\">\n\t\t\t\t\t\t\t\t<div class=\"carousel-item-inner pos-rel w-100\">\n\t\t\t\t\t\t\t\t\t<div class=\"carousel-item-content pos-rel w-100\">\n\n\t\t\t\t\t\t\t\t\t\t<h4 style=\"margin: 0; font-size: 16px; font-weight: bold; white-space: nowrap;\">Wir w\u00fcnschen einen sch\u00f6nen Sommer!<\/h4>\t\t\t\t\t\t\t\t\t<\/div>\n\t\t\t\t\t\t\t\t<\/div>\n\t\t\t\t\t\t\t<\/div>\n\t\t\t\t\t\t\t\t\t\t\t\t\t<div class=\"carousel-item d-flex flex-column justify-content-center align-items-center elementor-repeater-item-3432247\">\n\t\t\t\t\t\t\t\t<div class=\"carousel-item-inner pos-rel w-100\">\n\t\t\t\t\t\t\t\t\t<div class=\"carousel-item-content pos-rel w-100\">\n\n\t\t\t\t\t\t\t\t\t\t<h4 style=\"margin: 0; font-size: 16px; font-weight: bold; white-space: nowrap;\">Erster Schultag<\/h4>\t\t\t\t\t\t\t\t\t<\/div>\n\t\t\t\t\t\t\t\t<\/div>\n\t\t\t\t\t\t\t<\/div>\n\t\t\t\t\t\t\t\t\t\t\t\t\t<div class=\"carousel-item d-flex flex-column justify-content-center align-items-center elementor-repeater-item-2fe4cd0\">\n\t\t\t\t\t\t\t\t<div class=\"carousel-item-inner pos-rel w-100\">\n\t\t\t\t\t\t\t\t\t<div class=\"carousel-item-content pos-rel w-100\">\n\n\t\t\t\t\t\t\t\t\t\t<h4 style=\"margin: 0; font-size: 16px; font-weight: bold; white-space: nowrap;\">08. September 2025<\/h4>\t\t\t\t\t\t\t\t\t<\/div>\n\t\t\t\t\t\t\t\t<\/div>\n\t\t\t\t\t\t\t<\/div>\n\t\t\t\t\t\t\t\t\t\t\t\t\t<div class=\"carousel-item d-flex flex-column justify-content-center align-items-center elementor-repeater-item-af7dad0\">\n\t\t\t\t\t\t\t\t<div class=\"carousel-item-inner pos-rel w-100\">\n\t\t\t\t\t\t\t\t\t<div class=\"carousel-item-content pos-rel w-100\">\n\n\t\t\t\t\t\t\t\t\t\t<h4 style=\"margin: 0; font-size: 16px; font-weight: bold; white-space: nowrap;\">Wir w\u00fcnschen einen sch\u00f6nen Sommer!<\/h4>\t\t\t\t\t\t\t\t\t<\/div>\n\t\t\t\t\t\t\t\t<\/div>\n\t\t\t\t\t\t\t<\/div>\n\t\t\t\t\t\t\t\t\t\t\t\t\t<div class=\"carousel-item d-flex flex-column justify-content-center align-items-center elementor-repeater-item-3265f0b\">\n\t\t\t\t\t\t\t\t<div class=\"carousel-item-inner pos-rel w-100\">\n\t\t\t\t\t\t\t\t\t<div class=\"carousel-item-content pos-rel w-100\">\n\n\t\t\t\t\t\t\t\t\t\t<h4 style=\"margin: 0; font-size: 16px; font-weight: bold; white-space: nowrap;\">Erster Schultag<\/h4>\t\t\t\t\t\t\t\t\t<\/div>\n\t\t\t\t\t\t\t\t<\/div>\n\t\t\t\t\t\t\t<\/div>\n\t\t\t\t\t\t\t\t\t\t\t\t\t<div class=\"carousel-item d-flex flex-column justify-content-center align-items-center elementor-repeater-item-7bfb0f0\">\n\t\t\t\t\t\t\t\t<div class=\"carousel-item-inner pos-rel w-100\">\n\t\t\t\t\t\t\t\t\t<div class=\"carousel-item-content pos-rel w-100\">\n\n\t\t\t\t\t\t\t\t\t\t<h4 style=\"margin: 0; font-size: 16px; font-weight: bold; white-space: nowrap;\">08. September 2025<\/h4>\t\t\t\t\t\t\t\t\t<\/div>\n\t\t\t\t\t\t\t\t<\/div>\n\t\t\t\t\t\t\t<\/div>\n\t\t\t\t\t\t\t\t\t\t\t<\/div>\n\t\t\t\t<\/div>\n\t\t\t<\/div>\n\t\t\t\n\t\t\t\n\t\t<\/div>\n\t\t\t\t<\/div>\n\t\t\t\t<\/div>\n\t\t\t\t\t<\/div>\n\t\t<\/div>\n\t\t\t\t\t<\/div>\n\t\t<\/section>\n\t\t\t\t<\/div>\n\t\t","protected":false},"excerpt":{"rendered":"<p>Johann-Gottfried-Herder-Gymnasium Berufsberatung Hallo&nbsp;Ken Kaschub Wir \u00fcber uns Herder digital Herderpost Noch Fragen? sekretariat@jgherder.de Telefon 030 97609567 Wir w\u00fcnschen einen sch\u00f6nen Sommer! Erster Schultag 08. September 2025 Wir w\u00fcnschen einen sch\u00f6nen Sommer! Erster Schultag 08. September 2025<\/p>\n","protected":false},"author":1,"featured_media":0,"parent":14614,"menu_order":1,"comment_status":"closed","ping_status":"closed","template":"","meta":{"footnotes":""},"class_list":["post-14707","page","type-page","status-publish","hentry"],"_links":{"self":[{"href":"https:\/\/jgherder.de\/v2\/wp-json\/wp\/v2\/pages\/14707","targetHints":{"allow":["GET"]}}],"collection":[{"href":"https:\/\/jgherder.de\/v2\/wp-json\/wp\/v2\/pages"}],"about":[{"href":"https:\/\/jgherder.de\/v2\/wp-json\/wp\/v2\/types\/page"}],"author":[{"embeddable":true,"href":"https:\/\/jgherder.de\/v2\/wp-json\/wp\/v2\/users\/1"}],"replies":[{"embeddable":true,"href":"https:\/\/jgherder.de\/v2\/wp-json\/wp\/v2\/comments?post=14707"}],"version-history":[{"count":4,"href":"https:\/\/jgherder.de\/v2\/wp-json\/wp\/v2\/pages\/14707\/revisions"}],"predecessor-version":[{"id":15094,"href":"https:\/\/jgherder.de\/v2\/wp-json\/wp\/v2\/pages\/14707\/revisions\/15094"}],"up":[{"embeddable":true,"href":"https:\/\/jgherder.de\/v2\/wp-json\/wp\/v2\/pages\/14614"}],"wp:attachment":[{"href":"https:\/\/jgherder.de\/v2\/wp-json\/wp\/v2\/media?parent=14707"}],"curies":[{"name":"wp","href":"https:\/\/api.w.org\/{rel}","templated":true}]}}